{"id":1392,"date":"2024-06-24T06:25:58","date_gmt":"2024-06-24T12:25:58","guid":{"rendered":"https:\/\/aoconsultoria.com\/?page_id=1392"},"modified":"2024-06-24T23:24:26","modified_gmt":"2024-06-25T05:24:26","slug":"quienes-somos","status":"publish","type":"page","link":"https:\/\/aoconsultoria.com\/es\/quienes-somos\/","title":{"rendered":"Quienes Somos"},"content":{"rendered":"\t\t<div data-elementor-type=\"wp-page\" data-elementor-id=\"1392\" class=\"elementor elementor-1392\" data-elementor-post-type=\"page\">\n\t\t\t\t<div class=\"elementor-element elementor-element-9deede3 e-con-full e-flex e-con e-parent\" data-id=\"9deede3\" data-element_type=\"container\" data-e-type=\"container\" data-settings=\"{&quot;background_background&quot;:&quot;classic&quot;}\">\n\t\t<div class=\"elementor-element elementor-element-76ef94b e-con-full e-flex e-con e-child\" data-id=\"76ef94b\" data-element_type=\"container\" data-e-type=\"container\" data-settings=\"{&quot;background_background&quot;:&quot;classic&quot;}\">\n\t\t<div class=\"elementor-element elementor-element-4aa4571 e-con-full e-flex e-con e-child\" data-id=\"4aa4571\" data-element_type=\"container\" data-e-type=\"container\">\n\t\t<div class=\"elementor-element elementor-element-46b4aee e-con-full e-flex e-con e-child\" data-id=\"46b4aee\" data-element_type=\"container\" data-e-type=\"container\">\n\t\t\t\t<div class=\"elementor-element elementor-element-943c8ca elementor-widget elementor-widget-heading\" data-id=\"943c8ca\" data-element_type=\"widget\" data-e-type=\"widget\" data-widget_type=\"heading.default\">\n\t\t\t\t<div class=\"elementor-widget-container\">\n\t\t\t\t\t<h1 class=\"elementor-heading-title elementor-size-default\">Somos una firma dedicada a la consultor\u00eda contable y fiscal con mas de 14 a\u00f1os de experiencia.<\/h1>\t\t\t\t<\/div>\n\t\t\t\t<\/div>\n\t\t\t\t<div class=\"elementor-element elementor-element-d8b9841 elementor-widget elementor-widget-heading\" data-id=\"d8b9841\" data-element_type=\"widget\" data-e-type=\"widget\" data-widget_type=\"heading.default\">\n\t\t\t\t<div class=\"elementor-widget-container\">\n\t\t\t\t\t<h2 class=\"elementor-heading-title elementor-size-default\">Nos especializamos en proporcionar informaci\u00f3n financiera de calidad a nuestros clientes y en orientarlos en las diferentes fases de su negocio.<\/h2>\t\t\t\t<\/div>\n\t\t\t\t<\/div>\n\t\t\t\t<div class=\"elementor-element elementor-element-f17c830 elementor-widget elementor-widget-heading\" data-id=\"f17c830\" data-element_type=\"widget\" data-e-type=\"widget\" data-widget_type=\"heading.default\">\n\t\t\t\t<div class=\"elementor-widget-container\">\n\t\t\t\t\t<h3 class=\"elementor-heading-title elementor-size-default\">Nuestro personal y sistemas est\u00e1n siempre actualizados y buscamos que los reportes sean de accesibles en cualquier momento y que el an\u00e1lisis sea simple y \u00fatil a los accionistas y empresarios.<\/h3>\t\t\t\t<\/div>\n\t\t\t\t<\/div>\n\t\t\t\t<\/div>\n\t\t<div class=\"elementor-element elementor-element-7abb6ba e-con-full e-flex e-con e-child\" data-id=\"7abb6ba\" data-element_type=\"container\" data-e-type=\"container\">\n\t\t\t\t<div class=\"elementor-element elementor-element-e114b08 elementor-widget elementor-widget-image\" data-id=\"e114b08\" data-element_type=\"widget\" data-e-type=\"widget\" data-settings=\"{&quot;motion_fx_motion_fx_scrolling&quot;:&quot;yes&quot;,&quot;motion_fx_translateX_effect&quot;:&quot;yes&quot;,&quot;motion_fx_translateX_direction&quot;:&quot;negative&quot;,&quot;motion_fx_translateX_speed&quot;:{&quot;unit&quot;:&quot;px&quot;,&quot;size&quot;:6.5,&quot;sizes&quot;:[]},&quot;motion_fx_translateX_affectedRange&quot;:{&quot;unit&quot;:&quot;%&quot;,&quot;size&quot;:&quot;&quot;,&quot;sizes&quot;:{&quot;start&quot;:50,&quot;end&quot;:100}},&quot;motion_fx_devices&quot;:[&quot;desktop&quot;,&quot;tablet&quot;,&quot;mobile&quot;]}\" data-widget_type=\"image.default\">\n\t\t\t\t<div class=\"elementor-widget-container\">\n\t\t\t\t\t\t\t\t\t\t\t\t\t\t\t<img fetchpriority=\"high\" decoding=\"async\" width=\"2500\" height=\"2500\" src=\"https:\/\/aoconsultoria.com\/wp-content\/uploads\/2023\/10\/iphone-instagram.png\" class=\"attachment-full size-full wp-image-934\" alt=\"\" srcset=\"https:\/\/aoconsultoria.com\/wp-content\/uploads\/2023\/10\/iphone-instagram.png 2500w, https:\/\/aoconsultoria.com\/wp-content\/uploads\/2023\/10\/iphone-instagram-300x300.png 300w, https:\/\/aoconsultoria.com\/wp-content\/uploads\/2023\/10\/iphone-instagram-1024x1024.png 1024w, https:\/\/aoconsultoria.com\/wp-content\/uploads\/2023\/10\/iphone-instagram-150x150.png 150w, https:\/\/aoconsultoria.com\/wp-content\/uploads\/2023\/10\/iphone-instagram-768x768.png 768w, https:\/\/aoconsultoria.com\/wp-content\/uploads\/2023\/10\/iphone-instagram-1536x1536.png 1536w, https:\/\/aoconsultoria.com\/wp-content\/uploads\/2023\/10\/iphone-instagram-2048x2048.png 2048w\" sizes=\"(max-width: 2500px) 100vw, 2500px\" \/>\t\t\t\t\t\t\t\t\t\t\t\t\t\t\t<\/div>\n\t\t\t\t<\/div>\n\t\t\t\t<\/div>\n\t\t\t\t<\/div>\n\t\t<div class=\"elementor-element elementor-element-db8e87f e-con-full e-flex e-con e-child\" data-id=\"db8e87f\" data-element_type=\"container\" data-e-type=\"container\">\n\t\t<div class=\"elementor-element elementor-element-4143452 e-con-full e-flex e-con e-child\" data-id=\"4143452\" data-element_type=\"container\" data-e-type=\"container\">\n\t\t\t\t<div class=\"elementor-element elementor-element-bc355b4 elementor-widget elementor-widget-heading\" data-id=\"bc355b4\" data-element_type=\"widget\" data-e-type=\"widget\" data-widget_type=\"heading.default\">\n\t\t\t\t<div class=\"elementor-widget-container\">\n\t\t\t\t\t<h1 class=\"elementor-heading-title elementor-size-default\">Estamos en todo M\u00e9xico.<\/h1>\t\t\t\t<\/div>\n\t\t\t\t<\/div>\n\t\t\t\t<div class=\"elementor-element elementor-element-399a4d2 elementor-widget elementor-widget-heading\" data-id=\"399a4d2\" data-element_type=\"widget\" data-e-type=\"widget\" data-widget_type=\"heading.default\">\n\t\t\t\t<div class=\"elementor-widget-container\">\n\t\t\t\t\t<h2 class=\"elementor-heading-title elementor-size-default\">Contamos con personal y oficinas en cdmx, Puebla, Queretaro y Monterrey.<\/h2>\t\t\t\t<\/div>\n\t\t\t\t<\/div>\n\t\t\t\t<div class=\"elementor-element elementor-element-4cdafcd elementor-widget elementor-widget-heading\" data-id=\"4cdafcd\" data-element_type=\"widget\" data-e-type=\"widget\" data-widget_type=\"heading.default\">\n\t\t\t\t<div class=\"elementor-widget-container\">\n\t\t\t\t\t<h3 class=\"elementor-heading-title elementor-size-default\">La metodolog\u00eda de trabajo y la ubicaci\u00f3n estrat\u00e9gica nos permite atender clientes a lo largo de todo el territorio nacional con la misma calidad sin importar la ubicaci\u00f3n y el tama\u00f1o de la operaci\u00f3n de cada cliente.<\/h3>\t\t\t\t<\/div>\n\t\t\t\t<\/div>\n\t\t\t\t<\/div>\n\t\t<div class=\"elementor-element elementor-element-a6be8db e-con-full e-flex e-con e-child\" data-id=\"a6be8db\" data-element_type=\"container\" data-e-type=\"container\">\n\t\t\t\t<div class=\"elementor-element elementor-element-0ba2291 elementor-widget elementor-widget-image\" data-id=\"0ba2291\" data-element_type=\"widget\" data-e-type=\"widget\" data-settings=\"{&quot;motion_fx_motion_fx_scrolling&quot;:&quot;yes&quot;,&quot;motion_fx_translateX_effect&quot;:&quot;yes&quot;,&quot;motion_fx_translateX_speed&quot;:{&quot;unit&quot;:&quot;px&quot;,&quot;size&quot;:4,&quot;sizes&quot;:[]},&quot;motion_fx_translateX_affectedRange&quot;:{&quot;unit&quot;:&quot;%&quot;,&quot;size&quot;:&quot;&quot;,&quot;sizes&quot;:{&quot;start&quot;:0,&quot;end&quot;:100}},&quot;motion_fx_devices&quot;:[&quot;desktop&quot;,&quot;tablet&quot;,&quot;mobile&quot;]}\" data-widget_type=\"image.default\">\n\t\t\t\t<div class=\"elementor-widget-container\">\n\t\t\t\t\t\t\t\t\t\t\t\t\t\t\t<img decoding=\"async\" width=\"800\" height=\"726\" src=\"https:\/\/aoconsultoria.com\/wp-content\/uploads\/2024\/06\/mexico-1024x929.jpg\" class=\"attachment-large size-large wp-image-1400\" alt=\"\" srcset=\"https:\/\/aoconsultoria.com\/wp-content\/uploads\/2024\/06\/mexico-1024x929.jpg 1024w, https:\/\/aoconsultoria.com\/wp-content\/uploads\/2024\/06\/mexico-300x272.jpg 300w, https:\/\/aoconsultoria.com\/wp-content\/uploads\/2024\/06\/mexico-768x697.jpg 768w, https:\/\/aoconsultoria.com\/wp-content\/uploads\/2024\/06\/mexico-1536x1394.jpg 1536w, https:\/\/aoconsultoria.com\/wp-content\/uploads\/2024\/06\/mexico.jpg 1814w\" sizes=\"(max-width: 800px) 100vw, 800px\" \/>\t\t\t\t\t\t\t\t\t\t\t\t\t\t\t<\/div>\n\t\t\t\t<\/div>\n\t\t\t\t<\/div>\n\t\t\t\t<\/div>\n\t\t<div class=\"elementor-element elementor-element-4dbd4d8 e-con-full e-flex e-con e-child\" data-id=\"4dbd4d8\" data-element_type=\"container\" data-e-type=\"container\">\n\t\t<div class=\"elementor-element elementor-element-65eca57 e-con-full e-flex e-con e-child\" data-id=\"65eca57\" data-element_type=\"container\" data-e-type=\"container\">\n\t\t\t\t<div class=\"elementor-element elementor-element-3715373 elementor-widget elementor-widget-heading\" data-id=\"3715373\" data-element_type=\"widget\" data-e-type=\"widget\" data-widget_type=\"heading.default\">\n\t\t\t\t<div class=\"elementor-widget-container\">\n\t\t\t\t\t<h1 class=\"elementor-heading-title elementor-size-default\">Tambi\u00e9n estamos fuera de M\u00e9xico.<\/h1>\t\t\t\t<\/div>\n\t\t\t\t<\/div>\n\t\t\t\t<div class=\"elementor-element elementor-element-cdf8866 elementor-widget elementor-widget-heading\" data-id=\"cdf8866\" data-element_type=\"widget\" data-e-type=\"widget\" data-widget_type=\"heading.default\">\n\t\t\t\t<div class=\"elementor-widget-container\">\n\t\t\t\t\t<h2 class=\"elementor-heading-title elementor-size-default\">Algunos de nuestros clientes tienen su matriz en Espa\u00f1a, Argentina, Costa Rica y Estados Unidos.<\/h2>\t\t\t\t<\/div>\n\t\t\t\t<\/div>\n\t\t\t\t<div class=\"elementor-element elementor-element-f65e454 elementor-widget elementor-widget-heading\" data-id=\"f65e454\" data-element_type=\"widget\" data-e-type=\"widget\" data-widget_type=\"heading.default\">\n\t\t\t\t<div class=\"elementor-widget-container\">\n\t\t\t\t\t<h3 class=\"elementor-heading-title elementor-size-default\">Sin importar la ubicaci\u00f3n podemos atender compa\u00f1\u00edas que deciden operar una sucursal en Mexico, los reportes financieros se presentan de acuerdo a las normativas contables y necesidades de la empresa matriz, en la mayor\u00eda de los casos de hace la consolidaci\u00f3n de la informaci\u00f3n contable intercompa\u00f1ias.<br><br>Ademas de la consultoria contable, es posible orientarlos y apoyarlos en la operaci\u00f3n y administraci\u00f3n de la sucursal.<\/h3>\t\t\t\t<\/div>\n\t\t\t\t<\/div>\n\t\t\t\t<\/div>\n\t\t<div class=\"elementor-element elementor-element-897c94e e-con-full e-flex e-con e-child\" data-id=\"897c94e\" data-element_type=\"container\" data-e-type=\"container\">\n\t\t\t\t<div class=\"elementor-element elementor-element-dddcb13 elementor-widget elementor-widget-image\" data-id=\"dddcb13\" data-element_type=\"widget\" data-e-type=\"widget\" data-settings=\"{&quot;motion_fx_motion_fx_scrolling&quot;:&quot;yes&quot;,&quot;motion_fx_rotateZ_effect&quot;:&quot;yes&quot;,&quot;motion_fx_rotateZ_direction&quot;:&quot;negative&quot;,&quot;motion_fx_rotateZ_speed&quot;:{&quot;unit&quot;:&quot;px&quot;,&quot;size&quot;:0.5,&quot;sizes&quot;:[]},&quot;motion_fx_rotateZ_affectedRange&quot;:{&quot;unit&quot;:&quot;%&quot;,&quot;size&quot;:&quot;&quot;,&quot;sizes&quot;:{&quot;start&quot;:0,&quot;end&quot;:100}},&quot;motion_fx_devices&quot;:[&quot;desktop&quot;,&quot;tablet&quot;,&quot;mobile&quot;]}\" data-widget_type=\"image.default\">\n\t\t\t\t<div class=\"elementor-widget-container\">\n\t\t\t\t\t\t\t\t\t\t\t\t\t\t\t<img decoding=\"async\" width=\"532\" height=\"536\" src=\"https:\/\/aoconsultoria.com\/wp-content\/uploads\/2024\/06\/mundo2.jpg\" class=\"attachment-full size-full wp-image-1405\" alt=\"\" srcset=\"https:\/\/aoconsultoria.com\/wp-content\/uploads\/2024\/06\/mundo2.jpg 532w, https:\/\/aoconsultoria.com\/wp-content\/uploads\/2024\/06\/mundo2-298x300.jpg 298w, https:\/\/aoconsultoria.com\/wp-content\/uploads\/2024\/06\/mundo2-150x150.jpg 150w\" sizes=\"(max-width: 532px) 100vw, 532px\" \/>\t\t\t\t\t\t\t\t\t\t\t\t\t\t\t<\/div>\n\t\t\t\t<\/div>\n\t\t\t\t<\/div>\n\t\t\t\t<\/div>\n\t\t<div class=\"elementor-element elementor-element-dfce57a e-con-full e-flex e-con e-child\" data-id=\"dfce57a\" data-element_type=\"container\" data-e-type=\"container\">\n\t\t<div class=\"elementor-element elementor-element-aa1e0db e-con-full e-flex e-con e-child\" data-id=\"aa1e0db\" data-element_type=\"container\" data-e-type=\"container\">\n\t\t\t\t<div class=\"elementor-element elementor-element-e23a46f elementor-widget elementor-widget-heading\" data-id=\"e23a46f\" data-element_type=\"widget\" data-e-type=\"widget\" data-widget_type=\"heading.default\">\n\t\t\t\t<div class=\"elementor-widget-container\">\n\t\t\t\t\t<h1 class=\"elementor-heading-title elementor-size-default\">Toda la informaci\u00f3n en la nube.<\/h1>\t\t\t\t<\/div>\n\t\t\t\t<\/div>\n\t\t\t\t<div class=\"elementor-element elementor-element-9392c47 elementor-widget elementor-widget-heading\" data-id=\"9392c47\" data-element_type=\"widget\" data-e-type=\"widget\" data-widget_type=\"heading.default\">\n\t\t\t\t<div class=\"elementor-widget-container\">\n\t\t\t\t\t<h2 class=\"elementor-heading-title elementor-size-default\">La contabilidad de tu negocio se procesa al 100% en la nube por lo que siempre estar\u00e1 disponible y segura; los reportes y an\u00e1lisis financieros tambi\u00e9n est\u00e1n siempre disponibles y pueden ser consultados en cualquier lugar y cualquier sistema.<\/h2>\t\t\t\t<\/div>\n\t\t\t\t<\/div>\n\t\t\t\t<\/div>\n\t\t<div class=\"elementor-element elementor-element-dcd4cd5 e-con-full e-flex e-con e-child\" data-id=\"dcd4cd5\" data-element_type=\"container\" data-e-type=\"container\">\n\t\t\t\t<div class=\"elementor-element elementor-element-2ead4d0 elementor-widget elementor-widget-image\" data-id=\"2ead4d0\" data-element_type=\"widget\" data-e-type=\"widget\" data-settings=\"{&quot;motion_fx_motion_fx_scrolling&quot;:&quot;yes&quot;,&quot;motion_fx_translateX_effect&quot;:&quot;yes&quot;,&quot;motion_fx_translateX_speed&quot;:{&quot;unit&quot;:&quot;px&quot;,&quot;size&quot;:4,&quot;sizes&quot;:[]},&quot;motion_fx_translateX_affectedRange&quot;:{&quot;unit&quot;:&quot;%&quot;,&quot;size&quot;:&quot;&quot;,&quot;sizes&quot;:{&quot;start&quot;:0,&quot;end&quot;:100}},&quot;motion_fx_devices&quot;:[&quot;desktop&quot;,&quot;tablet&quot;,&quot;mobile&quot;]}\" data-widget_type=\"image.default\">\n\t\t\t\t<div class=\"elementor-widget-container\">\n\t\t\t\t\t\t\t\t\t\t\t\t\t\t\t<img loading=\"lazy\" decoding=\"async\" width=\"750\" height=\"500\" src=\"https:\/\/aoconsultoria.com\/wp-content\/uploads\/2024\/06\/web2.jpg\" class=\"attachment-large size-large wp-image-1408\" alt=\"\" srcset=\"https:\/\/aoconsultoria.com\/wp-content\/uploads\/2024\/06\/web2.jpg 750w, https:\/\/aoconsultoria.com\/wp-content\/uploads\/2024\/06\/web2-300x200.jpg 300w\" sizes=\"(max-width: 750px) 100vw, 750px\" \/>\t\t\t\t\t\t\t\t\t\t\t\t\t\t\t<\/div>\n\t\t\t\t<\/div>\n\t\t\t\t<\/div>\n\t\t\t\t<\/div>\n\t\t\t\t<\/div>\n\t\t\t\t<\/div>\n\t\t\t\t<\/div>\n\t\t","protected":false},"excerpt":{"rendered":"<p>Somos una firma dedicada a la consultor\u00eda contable y fiscal con mas de 14 a\u00f1os de experiencia. Nos especializamos en proporcionar informaci\u00f3n financiera de calidad a nuestros clientes y en orientarlos en las diferentes fases de su negocio. Nuestro personal y sistemas est\u00e1n siempre actualizados y buscamos que los reportes sean de accesibles en cualquier [&hellip;]<\/p>\n","protected":false},"author":1,"featured_media":0,"parent":0,"menu_order":0,"comment_status":"closed","ping_status":"closed","template":"","meta":{"footnotes":""},"class_list":["post-1392","page","type-page","status-publish","hentry"],"_links":{"self":[{"href":"https:\/\/aoconsultoria.com\/es\/wp-json\/wp\/v2\/pages\/1392","targetHints":{"allow":["GET"]}}],"collection":[{"href":"https:\/\/aoconsultoria.com\/es\/wp-json\/wp\/v2\/pages"}],"about":[{"href":"https:\/\/aoconsultoria.com\/es\/wp-json\/wp\/v2\/types\/page"}],"author":[{"embeddable":true,"href":"https:\/\/aoconsultoria.com\/es\/wp-json\/wp\/v2\/users\/1"}],"replies":[{"embeddable":true,"href":"https:\/\/aoconsultoria.com\/es\/wp-json\/wp\/v2\/comments?post=1392"}],"version-history":[{"count":13,"href":"https:\/\/aoconsultoria.com\/es\/wp-json\/wp\/v2\/pages\/1392\/revisions"}],"predecessor-version":[{"id":1415,"href":"https:\/\/aoconsultoria.com\/es\/wp-json\/wp\/v2\/pages\/1392\/revisions\/1415"}],"wp:attachment":[{"href":"https:\/\/aoconsultoria.com\/es\/wp-json\/wp\/v2\/media?parent=1392"}],"curies":[{"name":"wp","href":"https:\/\/api.w.org\/{rel}","templated":true}]}}